{"id":3724,"date":"2020-07-04T15:49:38","date_gmt":"2020-07-04T15:49:38","guid":{"rendered":"https:\/\/vizcainoshomeaway.com\/?page_id=3724"},"modified":"2020-07-04T17:22:28","modified_gmt":"2020-07-04T17:22:28","slug":"politica-de-devolucion","status":"publish","type":"page","link":"https:\/\/vizcainoshomeaway.com\/es\/politica-de-devolucion\/","title":{"rendered":"Pol\u00edtica de devoluci\u00f3n"},"content":{"rendered":"\t\t<div data-elementor-type=\"wp-page\" data-elementor-id=\"3724\" class=\"elementor elementor-3724\">\n\t\t\t\t\t\t<section class=\"elementor-section elementor-top-section elementor-element elementor-element-86684b0 elementor-section-boxed elementor-section-height-default elementor-section-height-default\" data-id=\"86684b0\" data-element_type=\"section\" data-e-type=\"section\" data-settings=\"{&quot;jet_parallax_layout_list&quot;:[{&quot;jet_parallax_layout_image&quot;:{&quot;url&quot;:&quot;&quot;,&quot;id&quot;:&quot;&quot;,&quot;size&quot;:&quot;&quot;},&quot;_id&quot;:&quot;7c1bef9&quot;,&quot;jet_parallax_layout_image_tablet&quot;:{&quot;url&quot;:&quot;&quot;,&quot;id&quot;:&quot;&quot;,&quot;size&quot;:&quot;&quot;},&quot;jet_parallax_layout_image_mobile&quot;:{&quot;url&quot;:&quot;&quot;,&quot;id&quot;:&quot;&quot;,&quot;size&quot;:&quot;&quot;},&quot;jet_parallax_layout_speed&quot;:{&quot;unit&quot;:&quot;%&quot;,&quot;size&quot;:50,&quot;sizes&quot;:[]},&quot;jet_parallax_layout_type&quot;:&quot;scroll&quot;,&quot;jet_parallax_layout_direction&quot;:null,&quot;jet_parallax_layout_fx_direction&quot;:null,&quot;jet_parallax_layout_z_index&quot;:&quot;&quot;,&quot;jet_parallax_layout_bg_x&quot;:50,&quot;jet_parallax_layout_bg_y&quot;:50,&quot;jet_parallax_layout_bg_size&quot;:&quot;auto&quot;,&quot;jet_parallax_layout_animation_prop&quot;:&quot;transform&quot;,&quot;jet_parallax_layout_on&quot;:[&quot;desktop&quot;,&quot;tablet&quot;],&quot;jet_parallax_layout_bg_x_tablet&quot;:&quot;&quot;,&quot;jet_parallax_layout_bg_x_mobile&quot;:&quot;&quot;,&quot;jet_parallax_layout_bg_y_tablet&quot;:&quot;&quot;,&quot;jet_parallax_layout_bg_y_mobile&quot;:&quot;&quot;,&quot;jet_parallax_layout_bg_size_tablet&quot;:&quot;&quot;,&quot;jet_parallax_layout_bg_size_mobile&quot;:&quot;&quot;}]}\">\n\t\t\t\t\t\t<div class=\"elementor-container elementor-column-gap-default\">\n\t\t\t\t\t<div class=\"elementor-column elementor-col-100 elementor-top-column elementor-element elementor-element-fa2ebc0\" data-id=\"fa2ebc0\" data-element_type=\"column\" data-e-type=\"column\">\n\t\t\t<div class=\"elementor-widget-wrap elementor-element-populated\">\n\t\t\t\t\t\t<div class=\"elementor-element elementor-element-e975c4d elementor-widget elementor-widget-heading\" data-id=\"e975c4d\" data-element_type=\"widget\" data-e-type=\"widget\" data-widget_type=\"heading.default\">\n\t\t\t\t\t<h2 class=\"elementor-heading-title elementor-size-default\">Pol\u00edtica de venta y cancelaci\u00f3n\/devoluci\u00f3n<\/h2>\t\t\t\t<\/div>\n\t\t\t\t\t<\/div>\n\t\t<\/div>\n\t\t\t\t\t<\/div>\n\t\t<\/section>\n\t\t\t\t<section class=\"elementor-section elementor-top-section elementor-element elementor-element-2ff42a7 elementor-section-boxed elementor-section-height-default elementor-section-height-default\" data-id=\"2ff42a7\" data-element_type=\"section\" data-e-type=\"section\" data-settings=\"{&quot;jet_parallax_layout_list&quot;:[{&quot;jet_parallax_layout_image&quot;:{&quot;url&quot;:&quot;&quot;,&quot;id&quot;:&quot;&quot;,&quot;size&quot;:&quot;&quot;},&quot;_id&quot;:&quot;a7e6bcc&quot;,&quot;jet_parallax_layout_image_tablet&quot;:{&quot;url&quot;:&quot;&quot;,&quot;id&quot;:&quot;&quot;,&quot;size&quot;:&quot;&quot;},&quot;jet_parallax_layout_image_mobile&quot;:{&quot;url&quot;:&quot;&quot;,&quot;id&quot;:&quot;&quot;,&quot;size&quot;:&quot;&quot;},&quot;jet_parallax_layout_speed&quot;:{&quot;unit&quot;:&quot;%&quot;,&quot;size&quot;:50,&quot;sizes&quot;:[]},&quot;jet_parallax_layout_type&quot;:&quot;scroll&quot;,&quot;jet_parallax_layout_direction&quot;:null,&quot;jet_parallax_layout_fx_direction&quot;:null,&quot;jet_parallax_layout_z_index&quot;:&quot;&quot;,&quot;jet_parallax_layout_bg_x&quot;:50,&quot;jet_parallax_layout_bg_y&quot;:50,&quot;jet_parallax_layout_bg_size&quot;:&quot;auto&quot;,&quot;jet_parallax_layout_animation_prop&quot;:&quot;transform&quot;,&quot;jet_parallax_layout_on&quot;:[&quot;desktop&quot;,&quot;tablet&quot;],&quot;jet_parallax_layout_bg_x_tablet&quot;:&quot;&quot;,&quot;jet_parallax_layout_bg_x_mobile&quot;:&quot;&quot;,&quot;jet_parallax_layout_bg_y_tablet&quot;:&quot;&quot;,&quot;jet_parallax_layout_bg_y_mobile&quot;:&quot;&quot;,&quot;jet_parallax_layout_bg_size_tablet&quot;:&quot;&quot;,&quot;jet_parallax_layout_bg_size_mobile&quot;:&quot;&quot;}]}\">\n\t\t\t\t\t\t<div class=\"elementor-container elementor-column-gap-default\">\n\t\t\t\t\t<div class=\"elementor-column elementor-col-100 elementor-top-column elementor-element elementor-element-66ed89d\" data-id=\"66ed89d\" data-element_type=\"column\" data-e-type=\"column\">\n\t\t\t<div class=\"elementor-widget-wrap elementor-element-populated\">\n\t\t\t\t\t\t<div class=\"elementor-element elementor-element-966577e elementor-widget elementor-widget-text-editor\" data-id=\"966577e\" data-element_type=\"widget\" data-e-type=\"widget\" data-widget_type=\"text-editor.default\">\n\t\t\t\t\t\t\t\t\t<div class=\"im_history_message_wrap\"><div class=\"im_message_outer_wrap hasselect\" data-msg-id=\"37605\"><div class=\"im_message_wrap clearfix\"><div class=\"im_content_message_wrap im_message_out\"><div class=\"im_message_body\"><div><div class=\"im_message_text\" dir=\"auto\"><span style=\"color: #ffffff;\">1- Generales:<\/span><br \/><span style=\"color: #ffffff;\">Las presentes condiciones generales de venta se aplican estrictamente a todas las contrataciones de servicios de hospeder\u00eda realizados Vizcainos Home Away S.L.\u00a0 con NIF: B40280877 y domicilio Social en\u00a0 Ctra Tres Casas 91 \u2013 40.003 SEGOVIA, , con destino a personas f\u00edsicas.<\/span><br \/><br \/><span style=\"color: #ffffff;\">Todo pedido hecho a Vizcainos Home Away S.L. implica necesariamente a t\u00edtulo de condici\u00f3n esencial, determinante e imprescindible, la aceptaci\u00f3n sin reservas por el Cliente de las Condiciones Generales de Venta de Vizcainos Home Away S.L. vigentes el d\u00eda en que se lleve a cabo el pedido correspondiente. Adem\u00e1s, el Cliente reconoce que la aceptaci\u00f3n de las presentes condiciones implicar\u00e1 la aplicaci\u00f3n de \u00e9stas a la contrataci\u00f3n al que se refieren, as\u00ed como a toda contrataci\u00f3n\u00a0 posterior, con excepci\u00f3n de aquellos casos en que nuevas condiciones sean puestas en su conocimiento por Vizcainos Home Away S.L.. El hecho que Vizcainos Home Away <a style=\"color: #ffffff;\" href=\"http:\/\/s.l.no\/\" target=\"_blank\" rel=\"noopener noreferrer\">S.L.no<\/a> recurra en un momento dado a cualquiera de las presentes condiciones no puede ser interpretado ni equivaldr\u00e1 a renunciar a recurrir a ellas en el futuro o en el pasado.<\/span><br \/><br \/><span style=\"color: #ffffff;\">Ley aplicable y jurisdicci\u00f3n competente.\u00a0La interpretaci\u00f3n y la ejecuci\u00f3n de las condiciones, as\u00ed como todos los actos que se sean consecuencia de ellas, quedar\u00e1n sometidos al\u00a0derecho espa\u00f1ol, salvo que existan disposiciones de orden p\u00fablico contrarias a ello.<\/span><br \/><br \/><span style=\"color: #ffffff;\">2- Precios:<\/span><br \/><br \/><span style=\"color: #ffffff;\">Los precios publicados en Vizcainos Home Away S.L. son en Euros y son vigentes salvo error tipogr\u00e1fico. Todos los precios son IVA NO INCLUIDO, el cual se aplicar\u00e1 una vez formalizado el pedido en el \u00abcarrito de la compra\u00bb, siendo aplicable el vigente en el d\u00eda de la realizaci\u00f3n del pedido. Cualquier cambio de tasa de IVA, o cualesquiera otros impuestos sean de aplicaci\u00f3n, ser\u00e1 aplicado autom\u00e1ticamente a los precios de los productos en venta en Vizcainos Home Away S.L.<\/span><br \/><br \/><span style=\"color: #ffffff;\">Vizcainos Home Away S.L se reserva modificar al alza o a la baja los precios indicados en funci\u00f3n de las situaciones de mercado, as\u00ed como la eliminaci\u00f3n de Servicios o disponer de unos nuevos cuyo contenido y precios ser\u00e1n informados en su momento a nuestros clientes.<\/span><br \/><br \/><span style=\"color: #ffffff;\">\u00a0Los precios indicados incluyen el IVA (cualquier variaci\u00f3n en el IVA repercutir\u00e1 en el precio de la habitaci\u00f3n). Al firmar el contrato se adquiere el compromiso de permanecer en la Residencia durante todo el periodo contratado, por lo que la renuncia o el abandono (voluntario o por expulsi\u00f3n), no dar\u00e1 derecho a la devoluci\u00f3n de la fianza, ni exonera del compromiso adquirido de abonar los honorarios de todo el periodo contratado.<\/span><br \/><br \/><span style=\"color: #ffffff;\">3- Diferentes modos de Pago:<\/span><br \/><br \/><span style=\"color: #ffffff;\">Al formular el pedido, el cliente puede elegir libremente abonar las contrataciones de servicios que realice en Vizcainos Home Away S.L.\u00a0<\/span><br \/><br \/><span style=\"color: #ffffff;\">4- Producto:<\/span><br \/><br \/><span style=\"color: #ffffff;\">Las ofertas presentadas por Vizcainos Home Away S.L. son v\u00e1lidas dentro del l\u00edmite de las disponibilidad de servicios de hospeder\u00eda.<\/span><br \/><br \/><span style=\"color: #ffffff;\">Las fotograf\u00edas, grafismos y las descripciones de los productos propuestos a la venta solo son orientativos y no comprometen de ninguna manera a Vizcainos Home Away S.L.<\/span><br \/><br \/><span style=\"color: #ffffff;\">5- Env\u00edos:<\/span><br \/><br \/><span style=\"color: #ffffff;\">Los productos adquiridos se reservar\u00e1n a la persona y a la direcci\u00f3n indicada en el pedido.<\/span><br \/><br \/><span style=\"color: #ffffff;\">Por defecto, las facturas se enviar\u00e1n a la direcci\u00f3n email indicada por el cliente en la hora de su alta en Vizcainos Home Away S.L.<\/span><br \/><br \/><span style=\"color: #ffffff;\">6- Pol\u00edticas de devoluciones y anulaciones<\/span><br \/><span style=\"color: #ffffff;\">\u00a0La fianza o dep\u00f3sito se devolver\u00e1 si la reserva se cancela antes del 30 de Junio. Despu\u00e9s de esa fecha solo se devolver\u00e1 en caso de fuerza mayor que implique no poder venir a estudiar a Segovia o circunstancias individuales excepcionales de cada pais y de cada estudiante por el COVID-19. Las condiciones de devoluci\u00f3n de la fianza\/dep\u00f3sito a la finalizaci\u00f3n del curso se establecer\u00e1n a la firma del contrato de Residencia.<\/span><br \/><br \/><span style=\"color: #ffffff;\">La fianza o deposito se devolver\u00e1 \u00edntegramente si se cancela la reserva antes del d\u00eda 30 de Junio 2020,<\/span><br \/><br \/><span style=\"color: #ffffff;\">despu\u00e9s de esta fecha no ser\u00e1 reembolsable. La fianza o deposito hace efectiva la reserva de la habitaci\u00f3n quedando pendiente el primer pago del mes de Septiembre en Agosto. Esta fianza o deposito nunca podr\u00e1 cubrir el pa<\/span><\/div><\/div><\/div><\/div><\/div><\/div><\/div><div class=\"im_history_message_wrap im_grouped\"><div class=\"im_message_outer_wrap hasselect\" data-msg-id=\"37606\"><div class=\"im_message_wrap clearfix\"><div class=\"im_content_message_wrap im_message_out\"><div class=\"im_message_meta pull-right text-right noselect\">\u00a0<\/div><div class=\"im_message_body\"><div><div class=\"im_message_text\" dir=\"auto\"><span style=\"color: #ffffff;\">go mensual de cualquier mes de estadia del contrato y la misma se destinara a la reparaci\u00f3n o reposici\u00f3n de cualquier defecto que pudiera causarse en la habitaci\u00f3n o instalaciones.<\/span><br \/><br \/><span style=\"color: #ffffff;\">Situaci\u00f3n sanitaria COVID 19: En caso de que el curso acad\u00e9mico no empiece en septiembre por la Situaci\u00f3n sanitaria excepcional, se pospondr\u00eda el contrato de la estadia en la residencia hasta el mes de inicio acad\u00e9mico. En el caso de que Espa\u00f1a no abra sus fronteras y siga en estado de alarma, quedaria las cuotas mensuales congeladas hasta la apertura del curso acad\u00e9mico y fronteras espa\u00f1olas. Asi mismo, al llegar a la residencia los estudiantes contaran con material sanitario gratis durante el check in (Guantes, una mascarilla y gel hidroalcoh\u00f3lico) y luego de la llegada, si los estudiantes desean adquirir mas productos, podr\u00e1n comprarlos en la recepci\u00f3n. De igual manera, todas las instalaciones contaran con las medidas sanitarias y de protecci\u00f3n exigidas por el ministerio de sanidad Espa\u00f1ol.<\/span><br \/><br \/><span style=\"color: #ffffff;\">La reserva oficial solo ser\u00e1 efectiva una vez abonado el dep\u00f3sito\/fianza. Este contrato con su documentaci\u00f3n tendr\u00e1 que ser remitido en el plazo de 4 d\u00edas del env\u00edo de este contrato y el dep\u00f3sito debe ser realizado en el plazo de una semana desde el env\u00edo del presente contrato. Para confirmar la reserva, el mes de septiembre se abonar\u00e1 en agosto.<\/span><br \/><br \/><span style=\"color: #ffffff;\">En periodos vacacionales se determinara el cierre o no por la temporada de Navidad y Semana Santa seg\u00fan la ocupaci\u00f3n que tiene que ser m\u00ednimo de un 50% de los residentes<\/span><\/div><\/div><\/div><\/div><\/div><\/div><\/div>\t\t\t\t\t\t\t\t<\/div>\n\t\t\t\t\t<\/div>\n\t\t<\/div>\n\t\t\t\t\t<\/div>\n\t\t<\/section>\n\t\t\t\t<\/div>\n\t\t","protected":false},"excerpt":{"rendered":"<p>Pol\u00edtica de venta y cancelaci\u00f3n\/devoluci\u00f3n 1- Generales:Las presentes condiciones generales de venta se aplican estrictamente a todas las contrataciones de servicios de hospeder\u00eda realizados Vizcainos Home Away S.L.\u00a0 con NIF: B40280877 y domicilio Social en\u00a0 Ctra Tres Casas 91 \u2013 40.003 SEGOVIA, , con destino a personas f\u00edsicas. Todo pedido hecho a Vizcainos Home Away [&hellip;]<\/p>\n","protected":false},"author":1,"featured_media":0,"parent":0,"menu_order":0,"comment_status":"closed","ping_status":"closed","template":"","meta":{"_acf_changed":false,"_uag_custom_page_level_css":"","footnotes":""},"class_list":["post-3724","page","type-page","status-publish","hentry"],"acf":[],"yoast_head":"<!-- This site is optimized with the Yoast SEO plugin v27.0 - https:\/\/yoast.com\/product\/yoast-seo-wordpress\/ -->\n<title>Pol\u00edtica de devoluci\u00f3n - Vizcainos<\/title>\n<meta name=\"robots\" content=\"index, follow, max-snippet:-1, max-image-preview:large, max-video-preview:-1\" \/>\n<link rel=\"canonical\" href=\"https:\/\/vizcainoshomeaway.com\/es\/politica-de-devolucion\/\" \/>\n<meta property=\"og:locale\" content=\"es_ES\" \/>\n<meta property=\"og:type\" content=\"article\" \/>\n<meta property=\"og:title\" content=\"Pol\u00edtica de devoluci\u00f3n - Vizcainos\" \/>\n<meta property=\"og:description\" content=\"Pol\u00edtica de venta y cancelaci\u00f3n\/devoluci\u00f3n 1- Generales:Las presentes condiciones generales de venta se aplican estrictamente a todas las contrataciones de servicios de hospeder\u00eda realizados Vizcainos Home Away S.L.\u00a0 con NIF: B40280877 y domicilio Social en\u00a0 Ctra Tres Casas 91 \u2013 40.003 SEGOVIA, , con destino a personas f\u00edsicas. Todo pedido hecho a Vizcainos Home Away [&hellip;]\" \/>\n<meta property=\"og:url\" content=\"https:\/\/vizcainoshomeaway.com\/es\/politica-de-devolucion\/\" \/>\n<meta property=\"og:site_name\" content=\"Vizcainos\" \/>\n<meta property=\"article:modified_time\" content=\"2020-07-04T17:22:28+00:00\" \/>\n<meta name=\"twitter:card\" content=\"summary_large_image\" \/>\n<script type=\"application\/ld+json\" class=\"yoast-schema-graph\">{\"@context\":\"https:\/\/schema.org\",\"@graph\":[{\"@type\":\"WebPage\",\"@id\":\"https:\/\/vizcainoshomeaway.com\/politica-de-devolucion\/\",\"url\":\"https:\/\/vizcainoshomeaway.com\/politica-de-devolucion\/\",\"name\":\"Pol\u00edtica de devoluci\u00f3n - Vizcainos\",\"isPartOf\":{\"@id\":\"https:\/\/vizcainoshomeaway.com\/#website\"},\"datePublished\":\"2020-07-04T15:49:38+00:00\",\"dateModified\":\"2020-07-04T17:22:28+00:00\",\"breadcrumb\":{\"@id\":\"https:\/\/vizcainoshomeaway.com\/politica-de-devolucion\/#breadcrumb\"},\"inLanguage\":\"es\",\"potentialAction\":[{\"@type\":\"ReadAction\",\"target\":[\"https:\/\/vizcainoshomeaway.com\/politica-de-devolucion\/\"]}]},{\"@type\":\"BreadcrumbList\",\"@id\":\"https:\/\/vizcainoshomeaway.com\/politica-de-devolucion\/#breadcrumb\",\"itemListElement\":[{\"@type\":\"ListItem\",\"position\":1,\"name\":\"Home\",\"item\":\"https:\/\/vizcainoshomeaway.com\/\"},{\"@type\":\"ListItem\",\"position\":2,\"name\":\"Pol\u00edtica de devoluci\u00f3n\"}]},{\"@type\":\"WebSite\",\"@id\":\"https:\/\/vizcainoshomeaway.com\/#website\",\"url\":\"https:\/\/vizcainoshomeaway.com\/\",\"name\":\"vizcainoshomeaway.com\",\"description\":\"Home Away\",\"publisher\":{\"@id\":\"https:\/\/vizcainoshomeaway.com\/#organization\"},\"potentialAction\":[{\"@type\":\"SearchAction\",\"target\":{\"@type\":\"EntryPoint\",\"urlTemplate\":\"https:\/\/vizcainoshomeaway.com\/?s={search_term_string}\"},\"query-input\":{\"@type\":\"PropertyValueSpecification\",\"valueRequired\":true,\"valueName\":\"search_term_string\"}}],\"inLanguage\":\"es\"},{\"@type\":\"Organization\",\"@id\":\"https:\/\/vizcainoshomeaway.com\/#organization\",\"name\":\"Vizcainos Home Away\",\"url\":\"https:\/\/vizcainoshomeaway.com\/\",\"logo\":{\"@type\":\"ImageObject\",\"inLanguage\":\"es\",\"@id\":\"https:\/\/vizcainoshomeaway.com\/#\/schema\/logo\/image\/\",\"url\":\"https:\/\/vizcainoshomeaway.com\/wp-content\/uploads\/2020\/06\/logo-JPG-scaled.jpg\",\"contentUrl\":\"https:\/\/vizcainoshomeaway.com\/wp-content\/uploads\/2020\/06\/logo-JPG-scaled.jpg\",\"width\":2560,\"height\":1063,\"caption\":\"Vizcainos Home Away\"},\"image\":{\"@id\":\"https:\/\/vizcainoshomeaway.com\/#\/schema\/logo\/image\/\"},\"sameAs\":[\"https:\/\/www.instagram.com\/vizcainoshomeaway\"]}]}<\/script>\n<!-- \/ Yoast SEO plugin. -->","yoast_head_json":{"title":"Pol\u00edtica de devoluci\u00f3n - Vizcainos","robots":{"index":"index","follow":"follow","max-snippet":"max-snippet:-1","max-image-preview":"max-image-preview:large","max-video-preview":"max-video-preview:-1"},"canonical":"https:\/\/vizcainoshomeaway.com\/es\/politica-de-devolucion\/","og_locale":"es_ES","og_type":"article","og_title":"Pol\u00edtica de devoluci\u00f3n - Vizcainos","og_description":"Pol\u00edtica de venta y cancelaci\u00f3n\/devoluci\u00f3n 1- Generales:Las presentes condiciones generales de venta se aplican estrictamente a todas las contrataciones de servicios de hospeder\u00eda realizados Vizcainos Home Away S.L.\u00a0 con NIF: B40280877 y domicilio Social en\u00a0 Ctra Tres Casas 91 \u2013 40.003 SEGOVIA, , con destino a personas f\u00edsicas. Todo pedido hecho a Vizcainos Home Away [&hellip;]","og_url":"https:\/\/vizcainoshomeaway.com\/es\/politica-de-devolucion\/","og_site_name":"Vizcainos","article_modified_time":"2020-07-04T17:22:28+00:00","twitter_card":"summary_large_image","schema":{"@context":"https:\/\/schema.org","@graph":[{"@type":"WebPage","@id":"https:\/\/vizcainoshomeaway.com\/politica-de-devolucion\/","url":"https:\/\/vizcainoshomeaway.com\/politica-de-devolucion\/","name":"Pol\u00edtica de devoluci\u00f3n - Vizcainos","isPartOf":{"@id":"https:\/\/vizcainoshomeaway.com\/#website"},"datePublished":"2020-07-04T15:49:38+00:00","dateModified":"2020-07-04T17:22:28+00:00","breadcrumb":{"@id":"https:\/\/vizcainoshomeaway.com\/politica-de-devolucion\/#breadcrumb"},"inLanguage":"es","potentialAction":[{"@type":"ReadAction","target":["https:\/\/vizcainoshomeaway.com\/politica-de-devolucion\/"]}]},{"@type":"BreadcrumbList","@id":"https:\/\/vizcainoshomeaway.com\/politica-de-devolucion\/#breadcrumb","itemListElement":[{"@type":"ListItem","position":1,"name":"Home","item":"https:\/\/vizcainoshomeaway.com\/"},{"@type":"ListItem","position":2,"name":"Pol\u00edtica de devoluci\u00f3n"}]},{"@type":"WebSite","@id":"https:\/\/vizcainoshomeaway.com\/#website","url":"https:\/\/vizcainoshomeaway.com\/","name":"vizcainoshomeaway.com","description":"Home Away","publisher":{"@id":"https:\/\/vizcainoshomeaway.com\/#organization"},"potentialAction":[{"@type":"SearchAction","target":{"@type":"EntryPoint","urlTemplate":"https:\/\/vizcainoshomeaway.com\/?s={search_term_string}"},"query-input":{"@type":"PropertyValueSpecification","valueRequired":true,"valueName":"search_term_string"}}],"inLanguage":"es"},{"@type":"Organization","@id":"https:\/\/vizcainoshomeaway.com\/#organization","name":"Vizcainos Home Away","url":"https:\/\/vizcainoshomeaway.com\/","logo":{"@type":"ImageObject","inLanguage":"es","@id":"https:\/\/vizcainoshomeaway.com\/#\/schema\/logo\/image\/","url":"https:\/\/vizcainoshomeaway.com\/wp-content\/uploads\/2020\/06\/logo-JPG-scaled.jpg","contentUrl":"https:\/\/vizcainoshomeaway.com\/wp-content\/uploads\/2020\/06\/logo-JPG-scaled.jpg","width":2560,"height":1063,"caption":"Vizcainos Home Away"},"image":{"@id":"https:\/\/vizcainoshomeaway.com\/#\/schema\/logo\/image\/"},"sameAs":["https:\/\/www.instagram.com\/vizcainoshomeaway"]}]}},"uagb_featured_image_src":{"full":false,"thumbnail":false,"medium":false,"medium_large":false,"large":false,"1536x1536":false,"2048x2048":false,"trp-custom-language-flag":false,"Image Size 500x500":false,"woocommerce_thumbnail":false,"woocommerce_single":false,"woocommerce_gallery_thumbnail":false},"uagb_author_info":{"display_name":"Vizc@Residencia","author_link":"https:\/\/vizcainoshomeaway.com\/es\/blog\/author\/vizcresidencia\/"},"uagb_comment_info":0,"uagb_excerpt":"Pol\u00edtica de venta y cancelaci\u00f3n\/devoluci\u00f3n 1- Generales:Las presentes condiciones generales de venta se aplican estrictamente a todas las contrataciones de servicios de hospeder\u00eda realizados Vizcainos Home Away S.L.\u00a0 con NIF: B40280877 y domicilio Social en\u00a0 Ctra Tres Casas 91 \u2013 40.003 SEGOVIA, , con destino a personas f\u00edsicas. Todo pedido hecho a Vizcainos Home Away&hellip;","_links":{"self":[{"href":"https:\/\/vizcainoshomeaway.com\/es\/wp-json\/wp\/v2\/pages\/3724","targetHints":{"allow":["GET"]}}],"collection":[{"href":"https:\/\/vizcainoshomeaway.com\/es\/wp-json\/wp\/v2\/pages"}],"about":[{"href":"https:\/\/vizcainoshomeaway.com\/es\/wp-json\/wp\/v2\/types\/page"}],"author":[{"embeddable":true,"href":"https:\/\/vizcainoshomeaway.com\/es\/wp-json\/wp\/v2\/users\/1"}],"replies":[{"embeddable":true,"href":"https:\/\/vizcainoshomeaway.com\/es\/wp-json\/wp\/v2\/comments?post=3724"}],"version-history":[{"count":0,"href":"https:\/\/vizcainoshomeaway.com\/es\/wp-json\/wp\/v2\/pages\/3724\/revisions"}],"wp:attachment":[{"href":"https:\/\/vizcainoshomeaway.com\/es\/wp-json\/wp\/v2\/media?parent=3724"}],"curies":[{"name":"wp","href":"https:\/\/api.w.org\/{rel}","templated":true}]}}