{"id":3181,"date":"2020-05-14T17:00:28","date_gmt":"2020-05-14T17:00:28","guid":{"rendered":"https:\/\/vizcainoshomeaway.com\/?page_id=3181"},"modified":"2020-05-14T17:17:37","modified_gmt":"2020-05-14T17:17:37","slug":"condiciones-de-contratacion","status":"publish","type":"page","link":"https:\/\/vizcainoshomeaway.com\/es\/condiciones-de-contratacion\/","title":{"rendered":"Condiciones de contrataci\u00f3n"},"content":{"rendered":"\t\t<div data-elementor-type=\"wp-page\" data-elementor-id=\"3181\" class=\"elementor elementor-3181\">\n\t\t\t\t\t\t<section class=\"elementor-section elementor-top-section elementor-element elementor-element-30c5351 elementor-section-boxed elementor-section-height-default elementor-section-height-default\" data-id=\"30c5351\" data-element_type=\"section\" data-e-type=\"section\" data-settings=\"{&quot;jet_parallax_layout_list&quot;:[{&quot;jet_parallax_layout_image&quot;:{&quot;url&quot;:&quot;&quot;,&quot;id&quot;:&quot;&quot;,&quot;size&quot;:&quot;&quot;},&quot;_id&quot;:&quot;2794e66&quot;,&quot;jet_parallax_layout_image_tablet&quot;:{&quot;url&quot;:&quot;&quot;,&quot;id&quot;:&quot;&quot;,&quot;size&quot;:&quot;&quot;},&quot;jet_parallax_layout_image_mobile&quot;:{&quot;url&quot;:&quot;&quot;,&quot;id&quot;:&quot;&quot;,&quot;size&quot;:&quot;&quot;},&quot;jet_parallax_layout_speed&quot;:{&quot;unit&quot;:&quot;%&quot;,&quot;size&quot;:50,&quot;sizes&quot;:[]},&quot;jet_parallax_layout_type&quot;:&quot;scroll&quot;,&quot;jet_parallax_layout_direction&quot;:null,&quot;jet_parallax_layout_fx_direction&quot;:null,&quot;jet_parallax_layout_z_index&quot;:&quot;&quot;,&quot;jet_parallax_layout_bg_x&quot;:50,&quot;jet_parallax_layout_bg_y&quot;:50,&quot;jet_parallax_layout_bg_size&quot;:&quot;auto&quot;,&quot;jet_parallax_layout_animation_prop&quot;:&quot;transform&quot;,&quot;jet_parallax_layout_on&quot;:[&quot;desktop&quot;,&quot;tablet&quot;],&quot;jet_parallax_layout_bg_x_tablet&quot;:&quot;&quot;,&quot;jet_parallax_layout_bg_x_mobile&quot;:&quot;&quot;,&quot;jet_parallax_layout_bg_y_tablet&quot;:&quot;&quot;,&quot;jet_parallax_layout_bg_y_mobile&quot;:&quot;&quot;,&quot;jet_parallax_layout_bg_size_tablet&quot;:&quot;&quot;,&quot;jet_parallax_layout_bg_size_mobile&quot;:&quot;&quot;}]}\">\n\t\t\t\t\t\t<div class=\"elementor-container elementor-column-gap-default\">\n\t\t\t\t\t<div class=\"elementor-column elementor-col-100 elementor-top-column elementor-element elementor-element-9b28d5e\" data-id=\"9b28d5e\" data-element_type=\"column\" data-e-type=\"column\">\n\t\t\t<div class=\"elementor-widget-wrap elementor-element-populated\">\n\t\t\t\t\t\t<div class=\"elementor-element elementor-element-4830ab1 elementor-widget elementor-widget-heading\" data-id=\"4830ab1\" data-element_type=\"widget\" data-e-type=\"widget\" data-widget_type=\"heading.default\">\n\t\t\t\t\t<h2 class=\"elementor-heading-title elementor-size-default\">Condiciones de contrataci\u00f3n<\/h2>\t\t\t\t<\/div>\n\t\t\t\t<div class=\"elementor-element elementor-element-96487b7 elementor-widget elementor-widget-text-editor\" data-id=\"96487b7\" data-element_type=\"widget\" data-e-type=\"widget\" data-widget_type=\"text-editor.default\">\n\t\t\t\t\t\t\t\t\t<h3><span style=\"color: #ffffff;\"><em>1<\/em><em>.<\/em> <em>O<\/em><em>B<\/em><em>J<\/em><em>E<\/em><em>T<\/em><em>O<\/em><\/span><\/h3><p>Se enuncian en el presente documento las condiciones generales de contrataci\u00f3n del servicio de Vizcainos Home Away S.L. con NIF: B40280877 y domicilio Social en Ctra Tres Casas 91 \u2013 40.003 SEGOVIA<\/p><p>El Servicio de Estad\u00eda en nuestras instalaciones se presta al Cliente en su condici\u00f3n de destinatario o usuario final del mismo, quedando estrictamente prohibido la reventa o comercializaci\u00f3n del Servicio, as\u00ed como la cesi\u00f3n del presente Contrato.<\/p><p>Las presentes Condiciones Generales de Contrataci\u00f3n son complementarias de las Condiciones Generales de Uso del Sitio Web y su aceptaci\u00f3n est\u00e1 condicionada a la previa aceptaci\u00f3n de las mismas.<\/p><p>\u00a0<\/p><h3><span style=\"color: #ffffff;\"><em>2. CARACTER\u00cdSTICAS DEL SERVICIO<\/em><\/span><\/h3><p>El Servicio consiste en la prestaci\u00f3n de servicio de Estad\u00eda en instalaciones propiedad de Vizcainos Home Away S.L. a fin de facilitarle la estancia en la realizaci\u00f3n de sus estudios en Segovia.<\/p><p>Los precios est\u00e1n establecidos en funci\u00f3n de las caracter\u00edsticas de las estancias que aparecen en nuestra p\u00e1gina WEB pudiendo contratar los servicios adicionales que el clienta necesite, como son:<\/p><p>\u00a0<\/p><ul><li>Caja Fuerte por todo el curso con un costo adicional de 100 \u20ac m\u00e1s IVA<\/li><\/ul><ul><li>Almuerzo de Lunes a Viernes con un costo adicional de 150 \u20ac mensuales m\u00e1s iIVA<\/li><\/ul><ul><li>Reconocimiento m\u00e9dico a la llegada (puede ser a trav\u00e9s de su Seguro M\u00e9dico) y el costo depender\u00e1 de la situaci\u00f3n que se elija.<\/li><li>Realizaci\u00f3n de Test de COVID 19 a llegar a la Estancia, y al tratarse de Servicios m\u00e9dicos especializados, depender\u00e1 del costo de mercado en ese momento.<\/li><\/ul><p>Vizcainos Home Away S.L se reserva modificar al alza o a la baja los precios indicados en funci\u00f3n de las situaciones de mercado, as\u00ed como la eliminaci\u00f3n de Servicios o disponer de unos nuevos cuyo contenido y precios ser\u00e1n informados en su momento a nuestros clientes.<\/p><p><em>Las condiciones generales de contrataci\u00f3n incluidas en nuestros contratos son:<\/em><\/p><ol><li><em>Los precios indicados incluyen el IVA (cualquier variaci\u00f3n en el IVA repercutir\u00e1 en el precio de la habitaci\u00f3n). Al firmar el contrato se adquiere el compromiso de permanecer en la Residencia durante todo el periodo contratado, por lo que la renuncia o el abandono (voluntario o por expulsi\u00f3n), no dar\u00e1 derecho a la devoluci\u00f3n de la fianza, ni exonera del compromiso adquirido de abonar los honorarios de todo el periodo <\/em><\/li><li><em>El precio de la habitaci\u00f3n en la Residencia incluye todos los gastos (electricidad, agua, calefacci\u00f3n, Internet, basuras, ), el cambio semanal de la ropa de cama y ba\u00f1o, proporcionada por la Residencia, el desayuno, de lunes a s\u00e1bado, la limpieza de la habitaci\u00f3n en d\u00edas alternos (Excepto dias festivos y fines de semana), la cena de lunes a viernes, excepto festivos. Las visitas que pernoctan se permiten solo 2 veces al mes sin coste adicional.<\/em><\/li><li><em>A la llegada a la Residencia se indicar\u00e1 el n\u00famero de habitaci\u00f3n y se podr\u00e1 contratar la matricula del gimnasio con un 25% de descuento en su mensualida.<\/em><\/li><li><em>La fianza o dep\u00f3sito se devolver\u00e1 si la reserva se cancela antes del 30 de Despu\u00e9s de esa fecha solo se devolver\u00e1 en caso de fuerza mayor que implique no poder venir a estudiar a Segovia o circunstancias individuales excepcionales de cada pais y de cada estudiante por el COVID-19. Las condiciones de devoluci\u00f3n de la fianza\/dep\u00f3sito a la finalizaci\u00f3n del curso se establecer\u00e1n a la firma del contrato de Residencia. <\/em><em>La fianza o deposito se devolver\u00e1 \u00edntegramente si se cancela la reserva antes del d\u00eda 30 de Junio 2020, despu\u00e9s de esta fecha no ser\u00e1 reembolsable. La fianza o deposito hace efectiva la reserva de la habitaci\u00f3n quedando pendiente el primer pago del mes de Septiembre en <\/em><em>Esta fianza o deposito <\/em>nunca podr\u00e1 cubrir el pago mensual de cualquier mes de estadia del contrato y la misma se destinara a la reparaci\u00f3n o reposici\u00f3n de cualquier defecto que pudiera causarse en la habitaci\u00f3n o instalaciones. 4.4- Situaci\u00f3n sanitaria COVID 19: En caso de que el curso acad\u00e1mico no empieze en septiembre por la Situaci\u00f3n sanitaria excepcional, se pospondr\u00eda el contrato de la estadia en la residencia hasta el mes de incio academico. En el caso de que Espa\u00f1a no abra sus fronteras y siga en estado de alarma, quedaria las cuotas mensuales congeladas hasta la apertura del curso academico y fronteras espa\u00f1olas. Asi mismo, al llegar a la residencia los estudiantes contaran con material sanitario gratis durante el check in (Guantes, una mascarilla y gel hidroalcoholico) y luego de la llegada,si los estudiantes desean aquirir mas productos, podr\u00e1n comprarlos en la recepci\u00f3n. De igual manera, todas las instalaciones contaran con las medidas sanitarias y de protecci\u00f3n exigidas por el ministerio de sanidad Espa\u00f1ol.<\/li><li><em>La reserva oficial solo ser\u00e1 efectiva una vez abonado el dep\u00f3sito\/fianza. Este contrato con su documentaci\u00f3n tendra que ser remitido en el plazo de 4 d\u00edas del envio de este contratoy el deposito debe ser realizado en el plazo de una semana desde el envio del presente Para confirmar la reserva, el mes de septiembre se abonar\u00e1 en agosto.<\/em><\/li><li><em>Los Residentes ser\u00e1n responsables en todo momento de sus invitados y de el da\u00f1o o da\u00f1os que estos puedan ocasionar dentro de las instalaciones de \u201c Vizcainos Home Away \u201c u a otras <\/em><\/li><li><em>En periodos vacacionales se determinara el cierre o no por la temporada de Navidad y Semana Santa segun la ocupaci\u00f3n que tiene que ser minimo de un 50% de los residentes<\/em><\/li><\/ol><p>\u00a0<\/p><h3><span style=\"color: #ffffff;\"><em> DURACI\u00d3N DEL CONTRATO<\/em><\/span><\/h3><p><em>La contrataci\u00f3n de los Servicios de Estad\u00eda y los adicionales tendr\u00e1n la misma duraci\u00f3n que su estancia en nuestras instalaciones que ser\u00e1 reflejado en el contrato firmado al efecto entre las partes<\/em><\/p><p>\u00a0<\/p><h3><span style=\"color: #ffffff;\"><em>CLAUSULA COVID\u201919<\/em><\/span><\/h3><p>Informamos a nuestros clientes que nuestras instalaciones cumplen con la Normativa en materia Sanitaria dictaminada por las Autoridades:<\/p><p>Ministerio de Industria, comercio y Turismo \u2013 Secretar\u00eda de Estado de Turismo \u2013 Instituto para la Calidad Tur\u00edstica Espa\u00f1ola.<\/p>\t\t\t\t\t\t\t\t<\/div>\n\t\t\t\t\t<\/div>\n\t\t<\/div>\n\t\t\t\t\t<\/div>\n\t\t<\/section>\n\t\t\t\t<\/div>\n\t\t","protected":false},"excerpt":{"rendered":"<p>Condiciones de contrataci\u00f3n 1. OBJETO Se enuncian en el presente documento las condiciones generales de contrataci\u00f3n del servicio de Vizcainos Home Away S.L. con NIF: B40280877 y domicilio Social en Ctra Tres Casas 91 \u2013 40.003 SEGOVIA El Servicio de Estad\u00eda en nuestras instalaciones se presta al Cliente en su condici\u00f3n de destinatario o usuario [&hellip;]<\/p>\n","protected":false},"author":1,"featured_media":0,"parent":0,"menu_order":0,"comment_status":"closed","ping_status":"closed","template":"","meta":{"_acf_changed":false,"_uag_custom_page_level_css":"","footnotes":""},"class_list":["post-3181","page","type-page","status-publish","hentry"],"acf":[],"yoast_head":"<!-- This site is optimized with the Yoast SEO plugin v27.0 - https:\/\/yoast.com\/product\/yoast-seo-wordpress\/ -->\n<title>Condiciones de contrataci\u00f3n - Vizcainos<\/title>\n<meta name=\"robots\" content=\"index, follow, max-snippet:-1, max-image-preview:large, max-video-preview:-1\" \/>\n<link rel=\"canonical\" href=\"https:\/\/vizcainoshomeaway.com\/es\/condiciones-de-contratacion\/\" \/>\n<meta property=\"og:locale\" content=\"es_ES\" \/>\n<meta property=\"og:type\" content=\"article\" \/>\n<meta property=\"og:title\" content=\"Condiciones de contrataci\u00f3n - Vizcainos\" \/>\n<meta property=\"og:description\" content=\"Condiciones de contrataci\u00f3n 1. OBJETO Se enuncian en el presente documento las condiciones generales de contrataci\u00f3n del servicio de Vizcainos Home Away S.L. con NIF: B40280877 y domicilio Social en Ctra Tres Casas 91 \u2013 40.003 SEGOVIA El Servicio de Estad\u00eda en nuestras instalaciones se presta al Cliente en su condici\u00f3n de destinatario o usuario [&hellip;]\" \/>\n<meta property=\"og:url\" content=\"https:\/\/vizcainoshomeaway.com\/es\/condiciones-de-contratacion\/\" \/>\n<meta property=\"og:site_name\" content=\"Vizcainos\" \/>\n<meta property=\"article:modified_time\" content=\"2020-05-14T17:17:37+00:00\" \/>\n<meta name=\"twitter:card\" content=\"summary_large_image\" \/>\n<script type=\"application\/ld+json\" class=\"yoast-schema-graph\">{\"@context\":\"https:\/\/schema.org\",\"@graph\":[{\"@type\":\"WebPage\",\"@id\":\"https:\/\/vizcainoshomeaway.com\/condiciones-de-contratacion\/\",\"url\":\"https:\/\/vizcainoshomeaway.com\/condiciones-de-contratacion\/\",\"name\":\"Condiciones de contrataci\u00f3n - Vizcainos\",\"isPartOf\":{\"@id\":\"https:\/\/vizcainoshomeaway.com\/#website\"},\"datePublished\":\"2020-05-14T17:00:28+00:00\",\"dateModified\":\"2020-05-14T17:17:37+00:00\",\"breadcrumb\":{\"@id\":\"https:\/\/vizcainoshomeaway.com\/condiciones-de-contratacion\/#breadcrumb\"},\"inLanguage\":\"es\",\"potentialAction\":[{\"@type\":\"ReadAction\",\"target\":[\"https:\/\/vizcainoshomeaway.com\/condiciones-de-contratacion\/\"]}]},{\"@type\":\"BreadcrumbList\",\"@id\":\"https:\/\/vizcainoshomeaway.com\/condiciones-de-contratacion\/#breadcrumb\",\"itemListElement\":[{\"@type\":\"ListItem\",\"position\":1,\"name\":\"Home\",\"item\":\"https:\/\/vizcainoshomeaway.com\/\"},{\"@type\":\"ListItem\",\"position\":2,\"name\":\"Condiciones de contrataci\u00f3n\"}]},{\"@type\":\"WebSite\",\"@id\":\"https:\/\/vizcainoshomeaway.com\/#website\",\"url\":\"https:\/\/vizcainoshomeaway.com\/\",\"name\":\"vizcainoshomeaway.com\",\"description\":\"Home Away\",\"publisher\":{\"@id\":\"https:\/\/vizcainoshomeaway.com\/#organization\"},\"potentialAction\":[{\"@type\":\"SearchAction\",\"target\":{\"@type\":\"EntryPoint\",\"urlTemplate\":\"https:\/\/vizcainoshomeaway.com\/?s={search_term_string}\"},\"query-input\":{\"@type\":\"PropertyValueSpecification\",\"valueRequired\":true,\"valueName\":\"search_term_string\"}}],\"inLanguage\":\"es\"},{\"@type\":\"Organization\",\"@id\":\"https:\/\/vizcainoshomeaway.com\/#organization\",\"name\":\"Vizcainos Home Away\",\"url\":\"https:\/\/vizcainoshomeaway.com\/\",\"logo\":{\"@type\":\"ImageObject\",\"inLanguage\":\"es\",\"@id\":\"https:\/\/vizcainoshomeaway.com\/#\/schema\/logo\/image\/\",\"url\":\"https:\/\/vizcainoshomeaway.com\/wp-content\/uploads\/2020\/06\/logo-JPG-scaled.jpg\",\"contentUrl\":\"https:\/\/vizcainoshomeaway.com\/wp-content\/uploads\/2020\/06\/logo-JPG-scaled.jpg\",\"width\":2560,\"height\":1063,\"caption\":\"Vizcainos Home Away\"},\"image\":{\"@id\":\"https:\/\/vizcainoshomeaway.com\/#\/schema\/logo\/image\/\"},\"sameAs\":[\"https:\/\/www.instagram.com\/vizcainoshomeaway\"]}]}<\/script>\n<!-- \/ Yoast SEO plugin. -->","yoast_head_json":{"title":"Condiciones de contrataci\u00f3n - Vizcainos","robots":{"index":"index","follow":"follow","max-snippet":"max-snippet:-1","max-image-preview":"max-image-preview:large","max-video-preview":"max-video-preview:-1"},"canonical":"https:\/\/vizcainoshomeaway.com\/es\/condiciones-de-contratacion\/","og_locale":"es_ES","og_type":"article","og_title":"Condiciones de contrataci\u00f3n - Vizcainos","og_description":"Condiciones de contrataci\u00f3n 1. OBJETO Se enuncian en el presente documento las condiciones generales de contrataci\u00f3n del servicio de Vizcainos Home Away S.L. con NIF: B40280877 y domicilio Social en Ctra Tres Casas 91 \u2013 40.003 SEGOVIA El Servicio de Estad\u00eda en nuestras instalaciones se presta al Cliente en su condici\u00f3n de destinatario o usuario [&hellip;]","og_url":"https:\/\/vizcainoshomeaway.com\/es\/condiciones-de-contratacion\/","og_site_name":"Vizcainos","article_modified_time":"2020-05-14T17:17:37+00:00","twitter_card":"summary_large_image","schema":{"@context":"https:\/\/schema.org","@graph":[{"@type":"WebPage","@id":"https:\/\/vizcainoshomeaway.com\/condiciones-de-contratacion\/","url":"https:\/\/vizcainoshomeaway.com\/condiciones-de-contratacion\/","name":"Condiciones de contrataci\u00f3n - Vizcainos","isPartOf":{"@id":"https:\/\/vizcainoshomeaway.com\/#website"},"datePublished":"2020-05-14T17:00:28+00:00","dateModified":"2020-05-14T17:17:37+00:00","breadcrumb":{"@id":"https:\/\/vizcainoshomeaway.com\/condiciones-de-contratacion\/#breadcrumb"},"inLanguage":"es","potentialAction":[{"@type":"ReadAction","target":["https:\/\/vizcainoshomeaway.com\/condiciones-de-contratacion\/"]}]},{"@type":"BreadcrumbList","@id":"https:\/\/vizcainoshomeaway.com\/condiciones-de-contratacion\/#breadcrumb","itemListElement":[{"@type":"ListItem","position":1,"name":"Home","item":"https:\/\/vizcainoshomeaway.com\/"},{"@type":"ListItem","position":2,"name":"Condiciones de contrataci\u00f3n"}]},{"@type":"WebSite","@id":"https:\/\/vizcainoshomeaway.com\/#website","url":"https:\/\/vizcainoshomeaway.com\/","name":"vizcainoshomeaway.com","description":"Home Away","publisher":{"@id":"https:\/\/vizcainoshomeaway.com\/#organization"},"potentialAction":[{"@type":"SearchAction","target":{"@type":"EntryPoint","urlTemplate":"https:\/\/vizcainoshomeaway.com\/?s={search_term_string}"},"query-input":{"@type":"PropertyValueSpecification","valueRequired":true,"valueName":"search_term_string"}}],"inLanguage":"es"},{"@type":"Organization","@id":"https:\/\/vizcainoshomeaway.com\/#organization","name":"Vizcainos Home Away","url":"https:\/\/vizcainoshomeaway.com\/","logo":{"@type":"ImageObject","inLanguage":"es","@id":"https:\/\/vizcainoshomeaway.com\/#\/schema\/logo\/image\/","url":"https:\/\/vizcainoshomeaway.com\/wp-content\/uploads\/2020\/06\/logo-JPG-scaled.jpg","contentUrl":"https:\/\/vizcainoshomeaway.com\/wp-content\/uploads\/2020\/06\/logo-JPG-scaled.jpg","width":2560,"height":1063,"caption":"Vizcainos Home Away"},"image":{"@id":"https:\/\/vizcainoshomeaway.com\/#\/schema\/logo\/image\/"},"sameAs":["https:\/\/www.instagram.com\/vizcainoshomeaway"]}]}},"uagb_featured_image_src":{"full":false,"thumbnail":false,"medium":false,"medium_large":false,"large":false,"1536x1536":false,"2048x2048":false,"trp-custom-language-flag":false,"Image Size 500x500":false,"woocommerce_thumbnail":false,"woocommerce_single":false,"woocommerce_gallery_thumbnail":false},"uagb_author_info":{"display_name":"Vizc@Residencia","author_link":"https:\/\/vizcainoshomeaway.com\/es\/blog\/author\/vizcresidencia\/"},"uagb_comment_info":0,"uagb_excerpt":"Condiciones de contrataci\u00f3n 1. OBJETO Se enuncian en el presente documento las condiciones generales de contrataci\u00f3n del servicio de Vizcainos Home Away S.L. con NIF: B40280877 y domicilio Social en Ctra Tres Casas 91 \u2013 40.003 SEGOVIA El Servicio de Estad\u00eda en nuestras instalaciones se presta al Cliente en su condici\u00f3n de destinatario o usuario&hellip;","_links":{"self":[{"href":"https:\/\/vizcainoshomeaway.com\/es\/wp-json\/wp\/v2\/pages\/3181","targetHints":{"allow":["GET"]}}],"collection":[{"href":"https:\/\/vizcainoshomeaway.com\/es\/wp-json\/wp\/v2\/pages"}],"about":[{"href":"https:\/\/vizcainoshomeaway.com\/es\/wp-json\/wp\/v2\/types\/page"}],"author":[{"embeddable":true,"href":"https:\/\/vizcainoshomeaway.com\/es\/wp-json\/wp\/v2\/users\/1"}],"replies":[{"embeddable":true,"href":"https:\/\/vizcainoshomeaway.com\/es\/wp-json\/wp\/v2\/comments?post=3181"}],"version-history":[{"count":0,"href":"https:\/\/vizcainoshomeaway.com\/es\/wp-json\/wp\/v2\/pages\/3181\/revisions"}],"wp:attachment":[{"href":"https:\/\/vizcainoshomeaway.com\/es\/wp-json\/wp\/v2\/media?parent=3181"}],"curies":[{"name":"wp","href":"https:\/\/api.w.org\/{rel}","templated":true}]}}