{"id":2009,"date":"2020-04-15T23:41:16","date_gmt":"2020-04-15T23:41:16","guid":{"rendered":"https:\/\/vizcainoshomeaway.com\/politica-de-cookies\/"},"modified":"2020-05-13T04:17:47","modified_gmt":"2020-05-13T04:17:47","slug":"politica-de-cookies","status":"publish","type":"page","link":"https:\/\/vizcainoshomeaway.com\/es\/politica-de-cookies\/","title":{"rendered":"Pol\u00edtica de Cookies"},"content":{"rendered":"<p>El Sitio Web utiliza un analizador de tr\u00e1fico que emplea peque\u00f1os programas denominados y conocidos como &#8220;cookies&#8221; que nos dan a conocer cierta informaci\u00f3n sobre el uso de nuestro Sitio:<\/p>\n\n\n\n<p>Podemos recabar informaci\u00f3n sobre su ordenador, incluido, en su caso, su direcci\u00f3n de IP, sistema operativo y tipo de navegador. Se trata de datos estad\u00edsticos sobre c\u00f3mo navega Ud. por nuestro sitio Web. Las cookies contienen informaci\u00f3n que se transfiere al disco duro de su ordenador.<\/p>\n\n\n\n<p>Las cookies nos ayudan a mejorar nuestro sitio Web y a prestar un servicio mejor y m\u00e1s personalizado. En concreto, nos permiten:<\/p>\n\n\n\n<p>Hacer una estimaci\u00f3n sobre n\u00fameros y patrones de uso.<\/p>\n\n\n\n<p>Almacenar informaci\u00f3n acerca de sus preferencias y personalizar nuestro sitio web de conformidad con sus intereses individuales.<\/p>\n\n\n\n<p>Acelerar sus b\u00fasquedas.<\/p>\n\n\n\n<p>Reconocerle cuando regrese de nuevo a nuestro sitio.<\/p>\n\n\n\n<p>El Usuario da su previo consentimiento, salvo indicaci\u00f3n en contrario, al uso de &#8220;cookies&#8221;. El Usuario autoriza tambi\u00e9n los seguimientos de su IP durante la navegaci\u00f3n en el sitio Web.<\/p>\n\n\n\n<p>Puedes negarte a aceptar cookies activando la configuraci\u00f3n en tu navegador que permite rechazar las cookies. No obstante, si seleccionas esta configuraci\u00f3n, quiz\u00e1s no puedas acceder a determinadas partes del Sitio Web o no puedas aprovecharte de alguno de nuestros servicios. A menos que hayas ajustado la configuraci\u00f3n de tu navegador de forma que rechace cookies, nuestro sistema producir\u00e1 cookies cuando te conectes a nuestro sitio.<\/p>\n\n\n\n<p>Siguiendo las directrices europeas de la normativa de protecci\u00f3n de datos que<\/p>\n\n\n\n<p>puedan verse afectados por el uso de cookies, informamos que los distintos navegadores de Internet cuentan con herramientas de configuraci\u00f3n para que el Usuario, si lo desea, pueda desactivar y\/o eliminar estas cookies o bien activar en su navegador el modo de navegaci\u00f3n privada.<\/p>\n\n\n\n<p><strong><em>INTRODUCCI\u00d3N:<\/em><\/strong><\/p>\n\n\n\n<p><em>El presente documento tiene como finalidad el establecer y regular las normas de uso de este portal web, entendiendo por \u00e9ste todas las p\u00e1ginas y sus contenidos propiedad <\/em><em>Vizcainos Home Away S.L. <\/em><em>a las cuales se accede a trav\u00e9s del dominio: <\/em><a href=\"https:\/\/vizcainoshomeaway.com\/es\/\"><em>www.vizcainoshomeaway.com<\/em><\/a><em><\/em><\/p>\n\n\n\n<p><em>La utilizaci\u00f3n del portal web atribuye la condici\u00f3n de usuario del mismo e implica la aceptaci\u00f3n de todas las condiciones incluidas en el presente Aviso Legal. El usuario se compromete a leer atentamente el presente Aviso Legal en cada una de las ocasiones en que se proponga utilizar nuestro portal web ya que \u00e9ste y sus condiciones de uso recogidas en el presente Aviso Legal pueden sufrir modificaciones.<\/em><em><\/em><\/p>","protected":false},"excerpt":{"rendered":"<p>El Sitio Web utiliza un analizador de tr\u00e1fico que emplea peque\u00f1os programas denominados y conocidos como &#8220;cookies&#8221; que nos dan a conocer cierta informaci\u00f3n sobre el uso de nuestro Sitio: Podemos recabar informaci\u00f3n sobre su ordenador, incluido, en su caso, su direcci\u00f3n de IP, sistema operativo y tipo de navegador. Se trata de datos estad\u00edsticos [&hellip;]<\/p>\n","protected":false},"author":1,"featured_media":0,"parent":0,"menu_order":0,"comment_status":"closed","ping_status":"closed","template":"","meta":{"_acf_changed":false,"_uag_custom_page_level_css":"","footnotes":""},"class_list":["post-2009","page","type-page","status-publish","hentry"],"acf":[],"yoast_head":"<!-- This site is optimized with the Yoast SEO plugin v27.0 - https:\/\/yoast.com\/product\/yoast-seo-wordpress\/ -->\n<title>Pol\u00edtica de Cookies - Vizcainos<\/title>\n<meta name=\"robots\" content=\"index, follow, max-snippet:-1, max-image-preview:large, max-video-preview:-1\" \/>\n<link rel=\"canonical\" href=\"https:\/\/vizcainoshomeaway.com\/es\/politica-de-cookies\/\" \/>\n<meta property=\"og:locale\" content=\"es_ES\" \/>\n<meta property=\"og:type\" content=\"article\" \/>\n<meta property=\"og:title\" content=\"Pol\u00edtica de Cookies - Vizcainos\" \/>\n<meta property=\"og:description\" content=\"El Sitio Web utiliza un analizador de tr\u00e1fico que emplea peque\u00f1os programas denominados y conocidos como &#8220;cookies&#8221; que nos dan a conocer cierta informaci\u00f3n sobre el uso de nuestro Sitio: Podemos recabar informaci\u00f3n sobre su ordenador, incluido, en su caso, su direcci\u00f3n de IP, sistema operativo y tipo de navegador. Se trata de datos estad\u00edsticos [&hellip;]\" \/>\n<meta property=\"og:url\" content=\"https:\/\/vizcainoshomeaway.com\/es\/politica-de-cookies\/\" \/>\n<meta property=\"og:site_name\" content=\"Vizcainos\" \/>\n<meta property=\"article:modified_time\" content=\"2020-05-13T04:17:47+00:00\" \/>\n<meta name=\"twitter:card\" content=\"summary_large_image\" \/>\n<script type=\"application\/ld+json\" class=\"yoast-schema-graph\">{\"@context\":\"https:\/\/schema.org\",\"@graph\":[{\"@type\":\"WebPage\",\"@id\":\"https:\/\/vizcainoshomeaway.com\/politica-de-cookies\/\",\"url\":\"https:\/\/vizcainoshomeaway.com\/politica-de-cookies\/\",\"name\":\"Pol\u00edtica de Cookies - Vizcainos\",\"isPartOf\":{\"@id\":\"https:\/\/vizcainoshomeaway.com\/#website\"},\"datePublished\":\"2020-04-15T23:41:16+00:00\",\"dateModified\":\"2020-05-13T04:17:47+00:00\",\"breadcrumb\":{\"@id\":\"https:\/\/vizcainoshomeaway.com\/politica-de-cookies\/#breadcrumb\"},\"inLanguage\":\"es\",\"potentialAction\":[{\"@type\":\"ReadAction\",\"target\":[\"https:\/\/vizcainoshomeaway.com\/politica-de-cookies\/\"]}]},{\"@type\":\"BreadcrumbList\",\"@id\":\"https:\/\/vizcainoshomeaway.com\/politica-de-cookies\/#breadcrumb\",\"itemListElement\":[{\"@type\":\"ListItem\",\"position\":1,\"name\":\"Home\",\"item\":\"https:\/\/vizcainoshomeaway.com\/\"},{\"@type\":\"ListItem\",\"position\":2,\"name\":\"Pol\u00edtica de Cookies\"}]},{\"@type\":\"WebSite\",\"@id\":\"https:\/\/vizcainoshomeaway.com\/#website\",\"url\":\"https:\/\/vizcainoshomeaway.com\/\",\"name\":\"vizcainoshomeaway.com\",\"description\":\"Home Away\",\"publisher\":{\"@id\":\"https:\/\/vizcainoshomeaway.com\/#organization\"},\"potentialAction\":[{\"@type\":\"SearchAction\",\"target\":{\"@type\":\"EntryPoint\",\"urlTemplate\":\"https:\/\/vizcainoshomeaway.com\/?s={search_term_string}\"},\"query-input\":{\"@type\":\"PropertyValueSpecification\",\"valueRequired\":true,\"valueName\":\"search_term_string\"}}],\"inLanguage\":\"es\"},{\"@type\":\"Organization\",\"@id\":\"https:\/\/vizcainoshomeaway.com\/#organization\",\"name\":\"Vizcainos Home Away\",\"url\":\"https:\/\/vizcainoshomeaway.com\/\",\"logo\":{\"@type\":\"ImageObject\",\"inLanguage\":\"es\",\"@id\":\"https:\/\/vizcainoshomeaway.com\/#\/schema\/logo\/image\/\",\"url\":\"https:\/\/vizcainoshomeaway.com\/wp-content\/uploads\/2020\/06\/logo-JPG-scaled.jpg\",\"contentUrl\":\"https:\/\/vizcainoshomeaway.com\/wp-content\/uploads\/2020\/06\/logo-JPG-scaled.jpg\",\"width\":2560,\"height\":1063,\"caption\":\"Vizcainos Home Away\"},\"image\":{\"@id\":\"https:\/\/vizcainoshomeaway.com\/#\/schema\/logo\/image\/\"},\"sameAs\":[\"https:\/\/www.instagram.com\/vizcainoshomeaway\"]}]}<\/script>\n<!-- \/ Yoast SEO plugin. -->","yoast_head_json":{"title":"Pol\u00edtica de Cookies - Vizcainos","robots":{"index":"index","follow":"follow","max-snippet":"max-snippet:-1","max-image-preview":"max-image-preview:large","max-video-preview":"max-video-preview:-1"},"canonical":"https:\/\/vizcainoshomeaway.com\/es\/politica-de-cookies\/","og_locale":"es_ES","og_type":"article","og_title":"Pol\u00edtica de Cookies - Vizcainos","og_description":"El Sitio Web utiliza un analizador de tr\u00e1fico que emplea peque\u00f1os programas denominados y conocidos como &#8220;cookies&#8221; que nos dan a conocer cierta informaci\u00f3n sobre el uso de nuestro Sitio: Podemos recabar informaci\u00f3n sobre su ordenador, incluido, en su caso, su direcci\u00f3n de IP, sistema operativo y tipo de navegador. Se trata de datos estad\u00edsticos [&hellip;]","og_url":"https:\/\/vizcainoshomeaway.com\/es\/politica-de-cookies\/","og_site_name":"Vizcainos","article_modified_time":"2020-05-13T04:17:47+00:00","twitter_card":"summary_large_image","schema":{"@context":"https:\/\/schema.org","@graph":[{"@type":"WebPage","@id":"https:\/\/vizcainoshomeaway.com\/politica-de-cookies\/","url":"https:\/\/vizcainoshomeaway.com\/politica-de-cookies\/","name":"Pol\u00edtica de Cookies - Vizcainos","isPartOf":{"@id":"https:\/\/vizcainoshomeaway.com\/#website"},"datePublished":"2020-04-15T23:41:16+00:00","dateModified":"2020-05-13T04:17:47+00:00","breadcrumb":{"@id":"https:\/\/vizcainoshomeaway.com\/politica-de-cookies\/#breadcrumb"},"inLanguage":"es","potentialAction":[{"@type":"ReadAction","target":["https:\/\/vizcainoshomeaway.com\/politica-de-cookies\/"]}]},{"@type":"BreadcrumbList","@id":"https:\/\/vizcainoshomeaway.com\/politica-de-cookies\/#breadcrumb","itemListElement":[{"@type":"ListItem","position":1,"name":"Home","item":"https:\/\/vizcainoshomeaway.com\/"},{"@type":"ListItem","position":2,"name":"Pol\u00edtica de Cookies"}]},{"@type":"WebSite","@id":"https:\/\/vizcainoshomeaway.com\/#website","url":"https:\/\/vizcainoshomeaway.com\/","name":"vizcainoshomeaway.com","description":"Home Away","publisher":{"@id":"https:\/\/vizcainoshomeaway.com\/#organization"},"potentialAction":[{"@type":"SearchAction","target":{"@type":"EntryPoint","urlTemplate":"https:\/\/vizcainoshomeaway.com\/?s={search_term_string}"},"query-input":{"@type":"PropertyValueSpecification","valueRequired":true,"valueName":"search_term_string"}}],"inLanguage":"es"},{"@type":"Organization","@id":"https:\/\/vizcainoshomeaway.com\/#organization","name":"Vizcainos Home Away","url":"https:\/\/vizcainoshomeaway.com\/","logo":{"@type":"ImageObject","inLanguage":"es","@id":"https:\/\/vizcainoshomeaway.com\/#\/schema\/logo\/image\/","url":"https:\/\/vizcainoshomeaway.com\/wp-content\/uploads\/2020\/06\/logo-JPG-scaled.jpg","contentUrl":"https:\/\/vizcainoshomeaway.com\/wp-content\/uploads\/2020\/06\/logo-JPG-scaled.jpg","width":2560,"height":1063,"caption":"Vizcainos Home Away"},"image":{"@id":"https:\/\/vizcainoshomeaway.com\/#\/schema\/logo\/image\/"},"sameAs":["https:\/\/www.instagram.com\/vizcainoshomeaway"]}]}},"uagb_featured_image_src":{"full":false,"thumbnail":false,"medium":false,"medium_large":false,"large":false,"1536x1536":false,"2048x2048":false,"trp-custom-language-flag":false,"Image Size 500x500":false,"woocommerce_thumbnail":false,"woocommerce_single":false,"woocommerce_gallery_thumbnail":false},"uagb_author_info":{"display_name":"Vizc@Residencia","author_link":"https:\/\/vizcainoshomeaway.com\/es\/blog\/author\/vizcresidencia\/"},"uagb_comment_info":0,"uagb_excerpt":"El Sitio Web utiliza un analizador de tr\u00e1fico que emplea peque\u00f1os programas denominados y conocidos como &#8220;cookies&#8221; que nos dan a conocer cierta informaci\u00f3n sobre el uso de nuestro Sitio: Podemos recabar informaci\u00f3n sobre su ordenador, incluido, en su caso, su direcci\u00f3n de IP, sistema operativo y tipo de navegador. Se trata de datos estad\u00edsticos&hellip;","_links":{"self":[{"href":"https:\/\/vizcainoshomeaway.com\/es\/wp-json\/wp\/v2\/pages\/2009","targetHints":{"allow":["GET"]}}],"collection":[{"href":"https:\/\/vizcainoshomeaway.com\/es\/wp-json\/wp\/v2\/pages"}],"about":[{"href":"https:\/\/vizcainoshomeaway.com\/es\/wp-json\/wp\/v2\/types\/page"}],"author":[{"embeddable":true,"href":"https:\/\/vizcainoshomeaway.com\/es\/wp-json\/wp\/v2\/users\/1"}],"replies":[{"embeddable":true,"href":"https:\/\/vizcainoshomeaway.com\/es\/wp-json\/wp\/v2\/comments?post=2009"}],"version-history":[{"count":0,"href":"https:\/\/vizcainoshomeaway.com\/es\/wp-json\/wp\/v2\/pages\/2009\/revisions"}],"wp:attachment":[{"href":"https:\/\/vizcainoshomeaway.com\/es\/wp-json\/wp\/v2\/media?parent=2009"}],"curies":[{"name":"wp","href":"https:\/\/api.w.org\/{rel}","templated":true}]}}