{"id":2008,"date":"2020-04-15T23:41:16","date_gmt":"2020-04-15T23:41:16","guid":{"rendered":"https:\/\/vizcainoshomeaway.com\/politica-de-privacidad\/"},"modified":"2020-05-13T04:17:52","modified_gmt":"2020-05-13T04:17:52","slug":"politica-de-privacidad","status":"publish","type":"page","link":"https:\/\/vizcainoshomeaway.com\/es\/politica-de-privacidad\/","title":{"rendered":"Pol\u00edtica de Privacidad"},"content":{"rendered":"<h2 class=\"wp-block-heading\"><strong><em>AVISO LEGAL<\/em><\/strong><\/h2>\n\n\n\n<h3 class=\"wp-block-heading\">INTRODUCCI\u00d3N:<\/h3>\n\n\n\n<p>El presente documento tiene como finalidad el establecer y regular las normas de uso de este portal web, entendiendo por \u00e9ste todas las p\u00e1ginas y sus contenidos propiedad de Vizcainos Home Away S.L. a las cuales se accede a trav\u00e9s del dominio: <a href=\"https:\/\/vizcainoshomeaway.com\/es\/\">www.vizcainoshomeaway.com<\/a><\/p>\n\n\n\n<p>La utilizaci\u00f3n del portal web atribuye la condici\u00f3n de usuario del mismo e implica la aceptaci\u00f3n de todas las condiciones incluidas en el presente Aviso Legal. El usuario se compromete a leer atentamente el presente Aviso Legal en cada una de las ocasiones en que se proponga utilizar nuestro portal web ya que \u00e9ste y sus condiciones de uso recogidas en el presente Aviso Legal pueden sufrir modificaciones.<\/p>\n\n\n\n<h1 class=\"wp-block-heading\">DATOS IDENTIFICATIVOS:<\/h1>\n\n\n\n<p>En cumplimiento con el deber de informaci\u00f3n recogido en art\u00edculo 10 de la Ley 34\/2002, de 11 de julio, de Servicios de la Sociedad de la Informaci\u00f3n y del Comercio Electr\u00f3nico, a continuaci\u00f3n se reflejan los siguientes datos:<\/p>\n\n\n\n<p>El titular del presente Sitio es:<\/p>\n\n\n\n<p>Vizcainos Home Away S.L. con C.I.F B40280877- y direcci\u00f3n fiscal y social en<\/p>\n\n\n\n<p><em>40.003 SEGOVIA, Ctra 3 Casas 91 <\/em><strong><em>USUARIOS:<\/em><\/strong><\/p>\n\n\n\n<p>El acceso y\/o uso de este portal web atribuye la condici\u00f3n de USUARIO, que acepta, desde dicho acceso y\/o uso, las Condiciones Generales de Uso aqu\u00ed reflejadas. Las citadas Condiciones ser\u00e1n de aplicaci\u00f3n independientemente de las Condiciones Generales de Contrataci\u00f3n que en su caso resulten de obligado cumplimiento.<\/p>\n\n\n\n<h1 class=\"wp-block-heading\">USO DEL PORTAL:<\/h1>\n\n\n\n<p><a href=\"https:\/\/vizcainoshomeaway.com\/es\/\">www.vizcainoshomeaway.com <\/a>proporciona el acceso a diversas informaciones en relaci\u00f3n a sus servicios, productos, informaci\u00f3n de nuestra entidad, blog, apartados de contacto, hiperenlaces a redes sociales, (en adelante, &#8220;los contenidos&#8221;) pertenecientes a Vizcainos Home Away S.L. El usuario asume la responsabilidad del uso del portal y sus funcionalidades. Dicha responsabilidad se extiende al registro, recogida de datos o cumplimentaci\u00f3n de formularios<\/p>\n\n\n\n<p>que fuese necesaria para acceder a determinados servicios. En dicho registro el usuario ser\u00e1 responsable de aportar informaci\u00f3n veraz y l\u00edcita.<\/p>\n\n\n\n<h1 class=\"wp-block-heading\">PROPIEDAD INTELECTUAL E INDUSTRIAL:<\/h1>\n\n\n\n<p>Vizcainos Home Away S.L. por s\u00ed o como cesionaria, es titular de todos los derechos de propiedad intelectual e industrial de su p\u00e1gina web, as\u00ed como de los elementos contenidos en la misma (a t\u00edtulo enunciativo, art\u00edculos del blog, im\u00e1genes, sonido, audio, v\u00eddeo, software o textos; marcas o logotipos, combinaciones de colores, estructura y dise\u00f1o, selecci\u00f3n de materiales usados, programas de ordenador necesarios para su funcionamiento, acceso y uso, etc.), titularidad Vizcainos Home Away S.L. . todos los derechos reservados.<\/p>\n\n\n\n<p>En virtud de lo dispuesto en los art\u00edculos 8 y 32.1, p\u00e1rrafo segundo, de la Ley de Propiedad Intelectual, quedan expresamente prohibidas la reproducci\u00f3n, la distribuci\u00f3n y la comunicaci\u00f3n p\u00fablica, incluida su modalidad de puesta a disposici\u00f3n, de la totalidad o parte de los contenidos de esta p\u00e1gina web, con fines comerciales, en cualquier soporte y por cualquier medio t\u00e9cnico, sin la autorizaci\u00f3n de Vizcainos Home Away S.L. .<\/p>\n\n\n\n<p>El usuario se compromete a respetar los derechos de Propiedad Intelectual e Industrial titularidad de Vizcainos Home Away S.L. La utilizaci\u00f3n no autorizada de la informaci\u00f3n contenida en este Sitio, as\u00ed como los perjuicios ocasionados en los derechos de propiedad intelectual e industrial de Vizcainos Home Away<\/p>\n\n\n\n<p>S.L. pueden dar lugar al ejercicio de las acciones que legalmente correspondan y, si procede, a las responsabilidades que de dicho ejercicio se deriven.<\/p>\n\n\n\n<h1 class=\"wp-block-heading\">EXCLUSI\u00d3N DE GARANT\u00cdAS Y RESPONSABILIDAD:<\/h1>\n\n\n\n<p>Vizcainos Home Away S.L. no se hace responsable, en ning\u00fan caso, de los da\u00f1os y perjuicios de cualquier naturaleza que pudieran ocasionar, a t\u00edtulo enunciativo: errores u omisiones en los contenidos, falta de disponibilidad del portal o la transmisi\u00f3n de virus o programas maliciosos o lesivos en los contenidos, a pesar de haber adoptado todas las medidas tecnol\u00f3gicas necesarias para evitarlo.<\/p>\n\n\n\n<p>El contenido, informaci\u00f3n y\/o consejos expresados en este portal web y blog deben entenderse como simplemente orientativos, quedando exenta de cualquier responsabilidad con los usuarios que haga uso de ellos, ya que son \u00e9stas las que deber\u00e1n decidir seg\u00fan su criterio la oportunidad de los mismos.<\/p>\n\n\n\n<p>Vizcainos Home Away S.L. se reserva el derecho de modificar el contenido del Sitio sin previo aviso y sin ning\u00fan tipo de limitaci\u00f3n. As\u00ed mismo la empresa declina cualquier responsabilidad por los eventuales da\u00f1os y perjuicios que<\/p>\n\n\n\n<p>puedan ocasionarse por la falta de disponibilidad y\/o continuidad de este Sitio y de los servicios que se ofrecen en \u00e9l. As\u00ed mismo, tampoco podemos garantizar la ausencia de virus ni de otros elementos en la Web que puedan producir alteraciones en su sistema inform\u00e1tico.<\/p>\n\n\n\n<p>Si Ud. cree que cualquier contenido y\/o informaci\u00f3n de este Sitio vulnera un derecho leg\u00edtimo o la legalidad vigente le agradecer\u00edamos que se pusiera en contacto con Vizcainos Home Away S.L. para que podamos tomar las medidas oportunas.<\/p>\n\n\n\n<h1 class=\"wp-block-heading\">MODIFICACIONES:<\/h1>\n\n\n\n<p>Vizcainos Home Away S.L. se reserva el derecho de efectuar sin previo aviso las modificaciones que considere oportunas en su portal, pudiendo cambiar, suprimir o a\u00f1adir tanto los contenidos y servicios que se presten a trav\u00e9s de la misma como la forma en la que \u00e9stos aparezcan presentados o localizados en su portal.<\/p>\n\n\n\n<h1 class=\"wp-block-heading\">DERECHO DE EXCLUSI\u00d3N:<\/h1>\n\n\n\n<p>Vizcainos Home Away S.L. se reserva el derecho a denegar o retirar el acceso a portal y\/o los servicios ofrecidos sin necesidad de preaviso, a instancia propia o de un tercero, a aquellos usuarios que incumplan las presentes Condiciones Generales de Uso.<\/p>\n\n\n\n<h1 class=\"wp-block-heading\">GENERALIDADES:<\/h1>\n\n\n\n<p>Vizcainos Home Away S.L. perseguir\u00e1 el incumplimiento de las presentes condiciones, as\u00ed como cualquier utilizaci\u00f3n indebida de su portal ejerciendo todas las acciones civiles y penales que le puedan corresponder en derecho.<\/p>\n\n\n\n<h1 class=\"wp-block-heading\">LEGISLACI\u00d3N APLICABLE Y JURISDICCI\u00d3N:<\/h1>\n\n\n\n<p>La relaci\u00f3n entre Vizcainos Home Away S.L. el distribuidor y el usuario final se regir\u00e1 por la normativa espa\u00f1ola vigente y cualquier controversia se someter\u00e1 a los Juzgados y tribunales de la ciudad de Segovia.<\/p>\n\n\n\n<h1 class=\"wp-block-heading\">POL\u00cdTICA DE PRIVACIDAD Y PROTECCI\u00d3N DE DATOS:<\/h1>\n\n\n\n<p>Informaci\u00f3n adicional y detallada sobre el uso de sus datos de car\u00e1cter personal<\/p>\n\n\n\n<p>\u00bfQui\u00e9n es el responsable del tratamiento de sus datos? Identidad: Vizcainos Home Away S.L.<\/p>\n\n\n\n<p>NIF: B40280877<\/p>\n\n\n\n<p>Direcci\u00f3n postal: Ctra Tres Casas 91 \u2013 40.003 SEGOVIA Tel\u00e9fono: 686 92 00 61<\/p>\n\n\n\n<p>Correo electr\u00f3nico: <a href=\"mailto:info@pahspain.com\">info@pahspain.com<\/a><\/p>\n\n\n\n<p>Responsable de Seguridad o DPD en su caso: Vizcainos Home Away S.L. Tel\u00e9fono: 6686 92 00 61<\/p>\n\n\n\n<p>Correo electr\u00f3nico: <a href=\"mailto:info@pahspain.com\">info@pahspain.com<\/a><\/p>\n\n\n\n<p>\u00bfCon qu\u00e9 finalidad tratamos sus datos personales?<\/p>\n\n\n\n<p>Tratamos los datos personales que nos facilite con las siguientes finalidades:<\/p>\n\n\n\n<p>Cumplir con el deber de informaci\u00f3n y obtenci\u00f3n de consentimientos requeridos por la nueva normativa europea de protecci\u00f3n de datos de car\u00e1cter personal.<\/p>\n\n\n\n<p>La gesti\u00f3n de la relaci\u00f3n con el cliente, la generaci\u00f3n de presupuestos o propuestas comerciales, y en caso de convertirse en clientes efectuar la relaci\u00f3n contractual sobre la prestaci\u00f3n de servicios de consultor\u00eda de diversas materias de cumplimiento normativo y asesoramiento jur\u00eddico, la correspondiente facturaci\u00f3n y cobro de los servicios. El suministro de los datos con este fin es obligado, impidi\u00e9ndole en otro caso el cumplimiento del contrato.<\/p>\n\n\n\n<p>El env\u00edo de comunicaciones, art\u00edculos de opini\u00f3n o noticias, circulares informativas redactadas por nuestros departamentos y relacionadas con nuestra actividad, salvo que usted manifieste su voluntad en contra por cualquier medio.<\/p>\n\n\n\n<p>\u00bfQu\u00e9 datos tratamos?<\/p>\n\n\n\n<p>En el marco de la prestaci\u00f3n de los servicios que ofrecemos y condicionado a las finalidades consentidas por usted, nuestra entidad \u00fanicamente se tratar\u00e1n los datos estrictamente necesarios para la correcta gesti\u00f3n de la relaci\u00f3n contractual y\/o prestaci\u00f3n de los servicios, y ser\u00e1 exclusivamente los que usted nos haya facilitado.<\/p>\n\n\n\n<p>\u00bfDurante cu\u00e1nto tiempo trataremos sus datos?<\/p>\n\n\n\n<p>Los datos personales que nos proporciones ser\u00e1n conservados mientras se mantenga la relaci\u00f3n contractual \/ mercantil vigente, o bien durante un plazo de cinco a\u00f1os a partir de la \u00faltima relaci\u00f3n de negocio siguiendo la normativa a efectos fiscales. No obstante, nuestra entidad seguir\u00e1 conservando su<\/p>\n\n\n\n<p>informaci\u00f3n para el env\u00edo de posibles comunicaciones comerciales que consideremos sea de su inter\u00e9s, mientras no se solicite su supresi\u00f3n por el interesado. Siempre podr\u00e1 ejercitar los derechos que le reconoce la normativa vigente poni\u00e9ndose en contacto a trav\u00e9s de la v\u00eda que le sea m\u00e1s c\u00f3moda, tal y como explicamos m\u00e1s abajo.<\/p>\n\n\n\n<p>\u00bfCu\u00e1l es la legitimaci\u00f3n para el tratamiento de sus datos?<\/p>\n\n\n\n<p>La base legal para el tratamiento de sus datos es la ejecuci\u00f3n del contrato de servicios necesario para la realizaci\u00f3n de la operaci\u00f3n negocial o bien esta legitimaci\u00f3n est\u00e1 otorgada por su consentimiento expreso como propio y principal interesado.<\/p>\n\n\n\n<p>\u00bfA qu\u00e9 destinatarios se comunicar\u00e1n sus datos?<\/p>\n\n\n\n<p>No se comunicar\u00e1n sus datos a ning\u00fan tercero no relacionado con la prestaci\u00f3n del servicio, salvo obligaciones legales vigentes. En todo caso que cambie esta posibilidad se le informar\u00e1 debidamente solicitando su consentimiento para dicha cesi\u00f3n. Le informamos que tampoco se realizar\u00e1n transferencias internacionales.<\/p>\n\n\n\n<p>No obstante, le informamos que, para la correcta prestaci\u00f3n de los servicios es posible que distintos prestadores de servicios contratados por nuestra entidad (encargados del tratamiento) puedan tener acceso a la informaci\u00f3n personal necesaria para realizar sus funciones.<\/p>\n\n\n\n<p>Estos servicios prestados por terceros son necesarios para el desarrollo de nuestra actividad y la prestaci\u00f3n del servicio, y en todo momento, el tratamiento de los datos que lleven a cabo se rige por un contrato que vincula al encargado respecto a nuestra entidad. En ning\u00fan caso utilizar\u00e1n la informaci\u00f3n para otros fines y la tratar\u00e1n de conformidad con las directrices estipuladas por nuestra entidad, acordes a nuestra pol\u00edtica de privacidad y a la normativa vigente en materia de protecci\u00f3n de datos.<\/p>\n\n\n\n<p>Nuestra entidad en su compromiso con la privacidad y protecci\u00f3n de datos del Usuario, elegir\u00e1 \u00fanicamente prestadores de servicio que ofrezcan las garant\u00edas suficientes para aplicar medidas t\u00e9cnicas y organizativas apropiadas, de manera que el tratamiento sea conforme la legislaci\u00f3n aplicable en materia de protecci\u00f3n de datos y garanticen la protecci\u00f3n de los derechos del Usuario.<\/p>\n\n\n\n<p>\u00bfCu\u00e1les son sus derechos cuando nos facilita sus datos?<\/p>\n\n\n\n<p>Cualquier persona tiene derecho a obtener confirmaci\u00f3n sobre si estamos tratando datos personales que les concierne o no. En este sentido, usted tiene derecho a solicitar:<\/p>\n\n\n\n<p>Acceso: El interesado tendr\u00e1 derecho a obtener del responsable del tratamiento confirmaci\u00f3n de si se est\u00e1n tratando o no los datos que le concierne, as\u00ed como informaci\u00f3n detallada acerca de determinados aspectos del tratamiento que se est\u00e9 llevando a cabo.<\/p>\n\n\n\n<p>Rectificaci\u00f3n: El interesado tendr\u00e1 derecho a obtener la rectificaci\u00f3n de los datos personales inexactos que le concierne o que se completen aquellos que fueran incompletos.<\/p>\n\n\n\n<p>Supresi\u00f3n: El interesado tendr\u00e1 derecho a solicitar la supresi\u00f3n de sus datos personales, en todo caso la supresi\u00f3n estar\u00e1 sujeta a los l\u00edmites establecidos en la norma reguladora.<\/p>\n\n\n\n<p>Limitaci\u00f3n de su tratamiento: El interesado tendr\u00e1 derecho a solicitar la limitaci\u00f3n respecto al tratamiento de sus datos de car\u00e1cter personal.<\/p>\n\n\n\n<p>Oposici\u00f3n al tratamiento: En determinadas circunstancias y por motivos relacionados con su situaci\u00f3n particular, los interesados podr\u00e1n oponerse al tratamiento de sus datos. La entidad dejar\u00e1 de tratar los datos, salvo por motivos leg\u00edtimos, imperiosos, o el ejercicio o la defensa de posibles reclamaciones.<\/p>\n\n\n\n<p>Derecho a la portabilidad de sus datos: Es decir, tendr\u00e1 derecho a recibir los datos personales que le incumban, que haya facilitado a un responsable del tratamiento, en un formato estructurado, de uso com\u00fan y lectura mec\u00e1nica y a transmitirlos a otro responsable del tratamiento.<\/p>\n\n\n\n<p>Podr\u00e1 ejercer los referidos derechos, dirigi\u00e9ndose al responsable. Para ello, puede utilizar los datos de contacto facilitados al inicio del presente documento. Si desea obtener informaci\u00f3n adicional respecto al ejercicio de sus derechos, tambi\u00e9n puede dirigirse a la Agencia Espa\u00f1ola de Protecci\u00f3n de Datos.<\/p>\n\n\n\n<p>Asimismo le informamos que, si lo cree oportuno, tiene el derecho a retirar, en cualquier momento, el consentimiento otorgado para alguna finalidad espec\u00edfica, sin que ello afecte a la licitud del tratamiento, basado en el consentimiento previo a su retirada.<\/p>\n\n\n\n<p>En caso que entendiera que no se han atendido adecuadamente sus derechos, podr\u00e1 presentar una reclamaci\u00f3n ante la Agencia Espa\u00f1ola de Protecci\u00f3n de Datos. C\/ Jorge Juan, 6. 28001 &#8211; Madrid. <a href=\"http:\/\/www.agpd.es\/\">www.agpd.es.<\/a><\/p>\n\n\n\n<p>Nuestras medidas de seguridad:<\/p>\n\n\n\n<p>Vizcainos Home Away S.L. ha adoptado las medidas de \u00edndole t\u00e9cnico y organizativo necesarias y acordes al nivel de riesgo del tratamiento de los<\/p>\n\n\n\n<p>datos y su impacto en los derechos de las personas para garantizar la seguridad del tratamiento de datos de car\u00e1cter personal y que son y sean exigidas en cada momento por la legislaci\u00f3n aplicable. Sin embargo, el usuario debe ser consciente de que en la actualidad las medidas de seguridad en Internet no son inexpugnables y por lo tanto no se est\u00e1 a salvo de posibles intromisiones ilegales e indebidas, que no ser\u00edan responsabilidad de Vizcainos Home Away S.L. , ya que en todo momento se ha actuado con la diligencia debida para proteger los datos conforme determina la Ley.<\/p>","protected":false},"excerpt":{"rendered":"<p>AVISO LEGAL INTRODUCCI\u00d3N: El presente documento tiene como finalidad el establecer y regular las normas de uso de este portal web, entendiendo por \u00e9ste todas las p\u00e1ginas y sus contenidos propiedad de Vizcainos Home Away S.L. a las cuales se accede a trav\u00e9s del dominio: www.vizcainoshomeaway.com La utilizaci\u00f3n del portal web atribuye la condici\u00f3n de [&hellip;]<\/p>\n","protected":false},"author":1,"featured_media":0,"parent":0,"menu_order":0,"comment_status":"closed","ping_status":"closed","template":"","meta":{"_acf_changed":false,"_uag_custom_page_level_css":"","footnotes":""},"class_list":["post-2008","page","type-page","status-publish","hentry"],"acf":[],"yoast_head":"<!-- This site is optimized with the Yoast SEO plugin v27.0 - https:\/\/yoast.com\/product\/yoast-seo-wordpress\/ -->\n<title>Pol\u00edtica de Privacidad - Vizcainos<\/title>\n<meta name=\"robots\" content=\"index, follow, max-snippet:-1, max-image-preview:large, max-video-preview:-1\" \/>\n<link rel=\"canonical\" href=\"https:\/\/vizcainoshomeaway.com\/es\/politica-de-privacidad\/\" \/>\n<meta property=\"og:locale\" content=\"es_ES\" \/>\n<meta property=\"og:type\" content=\"article\" \/>\n<meta property=\"og:title\" content=\"Pol\u00edtica de Privacidad - Vizcainos\" \/>\n<meta property=\"og:description\" content=\"AVISO LEGAL INTRODUCCI\u00d3N: El presente documento tiene como finalidad el establecer y regular las normas de uso de este portal web, entendiendo por \u00e9ste todas las p\u00e1ginas y sus contenidos propiedad de Vizcainos Home Away S.L. a las cuales se accede a trav\u00e9s del dominio: www.vizcainoshomeaway.com La utilizaci\u00f3n del portal web atribuye la condici\u00f3n de [&hellip;]\" \/>\n<meta property=\"og:url\" content=\"https:\/\/vizcainoshomeaway.com\/es\/politica-de-privacidad\/\" \/>\n<meta property=\"og:site_name\" content=\"Vizcainos\" \/>\n<meta property=\"article:modified_time\" content=\"2020-05-13T04:17:52+00:00\" \/>\n<meta name=\"twitter:card\" content=\"summary_large_image\" \/>\n<script type=\"application\/ld+json\" class=\"yoast-schema-graph\">{\"@context\":\"https:\/\/schema.org\",\"@graph\":[{\"@type\":\"WebPage\",\"@id\":\"https:\/\/vizcainoshomeaway.com\/politica-de-privacidad\/\",\"url\":\"https:\/\/vizcainoshomeaway.com\/politica-de-privacidad\/\",\"name\":\"Pol\u00edtica de Privacidad - Vizcainos\",\"isPartOf\":{\"@id\":\"https:\/\/vizcainoshomeaway.com\/#website\"},\"datePublished\":\"2020-04-15T23:41:16+00:00\",\"dateModified\":\"2020-05-13T04:17:52+00:00\",\"breadcrumb\":{\"@id\":\"https:\/\/vizcainoshomeaway.com\/politica-de-privacidad\/#breadcrumb\"},\"inLanguage\":\"es\",\"potentialAction\":[{\"@type\":\"ReadAction\",\"target\":[\"https:\/\/vizcainoshomeaway.com\/politica-de-privacidad\/\"]}]},{\"@type\":\"BreadcrumbList\",\"@id\":\"https:\/\/vizcainoshomeaway.com\/politica-de-privacidad\/#breadcrumb\",\"itemListElement\":[{\"@type\":\"ListItem\",\"position\":1,\"name\":\"Home\",\"item\":\"https:\/\/vizcainoshomeaway.com\/\"},{\"@type\":\"ListItem\",\"position\":2,\"name\":\"Pol\u00edtica de Privacidad\"}]},{\"@type\":\"WebSite\",\"@id\":\"https:\/\/vizcainoshomeaway.com\/#website\",\"url\":\"https:\/\/vizcainoshomeaway.com\/\",\"name\":\"vizcainoshomeaway.com\",\"description\":\"Home Away\",\"publisher\":{\"@id\":\"https:\/\/vizcainoshomeaway.com\/#organization\"},\"potentialAction\":[{\"@type\":\"SearchAction\",\"target\":{\"@type\":\"EntryPoint\",\"urlTemplate\":\"https:\/\/vizcainoshomeaway.com\/?s={search_term_string}\"},\"query-input\":{\"@type\":\"PropertyValueSpecification\",\"valueRequired\":true,\"valueName\":\"search_term_string\"}}],\"inLanguage\":\"es\"},{\"@type\":\"Organization\",\"@id\":\"https:\/\/vizcainoshomeaway.com\/#organization\",\"name\":\"Vizcainos Home Away\",\"url\":\"https:\/\/vizcainoshomeaway.com\/\",\"logo\":{\"@type\":\"ImageObject\",\"inLanguage\":\"es\",\"@id\":\"https:\/\/vizcainoshomeaway.com\/#\/schema\/logo\/image\/\",\"url\":\"https:\/\/vizcainoshomeaway.com\/wp-content\/uploads\/2020\/06\/logo-JPG-scaled.jpg\",\"contentUrl\":\"https:\/\/vizcainoshomeaway.com\/wp-content\/uploads\/2020\/06\/logo-JPG-scaled.jpg\",\"width\":2560,\"height\":1063,\"caption\":\"Vizcainos Home Away\"},\"image\":{\"@id\":\"https:\/\/vizcainoshomeaway.com\/#\/schema\/logo\/image\/\"},\"sameAs\":[\"https:\/\/www.instagram.com\/vizcainoshomeaway\"]}]}<\/script>\n<!-- \/ Yoast SEO plugin. -->","yoast_head_json":{"title":"Pol\u00edtica de Privacidad - Vizcainos","robots":{"index":"index","follow":"follow","max-snippet":"max-snippet:-1","max-image-preview":"max-image-preview:large","max-video-preview":"max-video-preview:-1"},"canonical":"https:\/\/vizcainoshomeaway.com\/es\/politica-de-privacidad\/","og_locale":"es_ES","og_type":"article","og_title":"Pol\u00edtica de Privacidad - Vizcainos","og_description":"AVISO LEGAL INTRODUCCI\u00d3N: El presente documento tiene como finalidad el establecer y regular las normas de uso de este portal web, entendiendo por \u00e9ste todas las p\u00e1ginas y sus contenidos propiedad de Vizcainos Home Away S.L. a las cuales se accede a trav\u00e9s del dominio: www.vizcainoshomeaway.com La utilizaci\u00f3n del portal web atribuye la condici\u00f3n de [&hellip;]","og_url":"https:\/\/vizcainoshomeaway.com\/es\/politica-de-privacidad\/","og_site_name":"Vizcainos","article_modified_time":"2020-05-13T04:17:52+00:00","twitter_card":"summary_large_image","schema":{"@context":"https:\/\/schema.org","@graph":[{"@type":"WebPage","@id":"https:\/\/vizcainoshomeaway.com\/politica-de-privacidad\/","url":"https:\/\/vizcainoshomeaway.com\/politica-de-privacidad\/","name":"Pol\u00edtica de Privacidad - Vizcainos","isPartOf":{"@id":"https:\/\/vizcainoshomeaway.com\/#website"},"datePublished":"2020-04-15T23:41:16+00:00","dateModified":"2020-05-13T04:17:52+00:00","breadcrumb":{"@id":"https:\/\/vizcainoshomeaway.com\/politica-de-privacidad\/#breadcrumb"},"inLanguage":"es","potentialAction":[{"@type":"ReadAction","target":["https:\/\/vizcainoshomeaway.com\/politica-de-privacidad\/"]}]},{"@type":"BreadcrumbList","@id":"https:\/\/vizcainoshomeaway.com\/politica-de-privacidad\/#breadcrumb","itemListElement":[{"@type":"ListItem","position":1,"name":"Home","item":"https:\/\/vizcainoshomeaway.com\/"},{"@type":"ListItem","position":2,"name":"Pol\u00edtica de Privacidad"}]},{"@type":"WebSite","@id":"https:\/\/vizcainoshomeaway.com\/#website","url":"https:\/\/vizcainoshomeaway.com\/","name":"vizcainoshomeaway.com","description":"Home Away","publisher":{"@id":"https:\/\/vizcainoshomeaway.com\/#organization"},"potentialAction":[{"@type":"SearchAction","target":{"@type":"EntryPoint","urlTemplate":"https:\/\/vizcainoshomeaway.com\/?s={search_term_string}"},"query-input":{"@type":"PropertyValueSpecification","valueRequired":true,"valueName":"search_term_string"}}],"inLanguage":"es"},{"@type":"Organization","@id":"https:\/\/vizcainoshomeaway.com\/#organization","name":"Vizcainos Home Away","url":"https:\/\/vizcainoshomeaway.com\/","logo":{"@type":"ImageObject","inLanguage":"es","@id":"https:\/\/vizcainoshomeaway.com\/#\/schema\/logo\/image\/","url":"https:\/\/vizcainoshomeaway.com\/wp-content\/uploads\/2020\/06\/logo-JPG-scaled.jpg","contentUrl":"https:\/\/vizcainoshomeaway.com\/wp-content\/uploads\/2020\/06\/logo-JPG-scaled.jpg","width":2560,"height":1063,"caption":"Vizcainos Home Away"},"image":{"@id":"https:\/\/vizcainoshomeaway.com\/#\/schema\/logo\/image\/"},"sameAs":["https:\/\/www.instagram.com\/vizcainoshomeaway"]}]}},"uagb_featured_image_src":{"full":false,"thumbnail":false,"medium":false,"medium_large":false,"large":false,"1536x1536":false,"2048x2048":false,"trp-custom-language-flag":false,"Image Size 500x500":false,"woocommerce_thumbnail":false,"woocommerce_single":false,"woocommerce_gallery_thumbnail":false},"uagb_author_info":{"display_name":"Vizc@Residencia","author_link":"https:\/\/vizcainoshomeaway.com\/es\/blog\/author\/vizcresidencia\/"},"uagb_comment_info":0,"uagb_excerpt":"AVISO LEGAL INTRODUCCI\u00d3N: El presente documento tiene como finalidad el establecer y regular las normas de uso de este portal web, entendiendo por \u00e9ste todas las p\u00e1ginas y sus contenidos propiedad de Vizcainos Home Away S.L. a las cuales se accede a trav\u00e9s del dominio: www.vizcainoshomeaway.com La utilizaci\u00f3n del portal web atribuye la condici\u00f3n de&hellip;","_links":{"self":[{"href":"https:\/\/vizcainoshomeaway.com\/es\/wp-json\/wp\/v2\/pages\/2008","targetHints":{"allow":["GET"]}}],"collection":[{"href":"https:\/\/vizcainoshomeaway.com\/es\/wp-json\/wp\/v2\/pages"}],"about":[{"href":"https:\/\/vizcainoshomeaway.com\/es\/wp-json\/wp\/v2\/types\/page"}],"author":[{"embeddable":true,"href":"https:\/\/vizcainoshomeaway.com\/es\/wp-json\/wp\/v2\/users\/1"}],"replies":[{"embeddable":true,"href":"https:\/\/vizcainoshomeaway.com\/es\/wp-json\/wp\/v2\/comments?post=2008"}],"version-history":[{"count":0,"href":"https:\/\/vizcainoshomeaway.com\/es\/wp-json\/wp\/v2\/pages\/2008\/revisions"}],"wp:attachment":[{"href":"https:\/\/vizcainoshomeaway.com\/es\/wp-json\/wp\/v2\/media?parent=2008"}],"curies":[{"name":"wp","href":"https:\/\/api.w.org\/{rel}","templated":true}]}}